{"id":638,"date":"2020-04-21T21:37:48","date_gmt":"2020-04-21T21:37:48","guid":{"rendered":"http:\/\/www.muksjantar.kalisz.pl\/?page_id=638"},"modified":"2025-08-19T18:31:02","modified_gmt":"2025-08-19T18:31:02","slug":"sztab-szkoleniowy","status":"publish","type":"page","link":"http:\/\/www.muksjantar.kalisz.pl\/?page_id=638","title":{"rendered":"Sztab szkoleniowy"},"content":{"rendered":"\n<p>Trener Andrzej P\u0142\u00f3cienniczak       &#8211; mini siatk\u00f3wka, m\u0142odziczka    nr tel. 605-850-241<br>Trener Grzegorz Szyma\u0144ski          &#8211; mini siatk\u00f3wka, m\u0142odziczka    nr tel. 607-659-221<br>Trener Agata P\u0142\u00f3cienniczak          &#8211; mini siatk\u00f3wka, m\u0142odziczka    nr tel. 693-764-048<\/p>\n\n\n\n<p>Trener Tomasz Wasela                  &#8211; mini siatk\u00f3wka                        nr tel. 665-735-752<\/p>\n\n\n\n<p>Trener Katarzyna Nawrocka         &#8211; mini siatk\u00f3wka                         nr tel. 693-164-132<\/p>\n","protected":false},"excerpt":{"rendered":"<p>Trener Andrzej P\u0142\u00f3cienniczak &#8211; mini siatk\u00f3wka, m\u0142odziczka nr tel. 605-850-241Trener Grzegorz Szyma\u0144ski &#8211; mini siatk\u00f3wka, m\u0142odziczka nr tel. 607-659-221Trener Agata P\u0142\u00f3cienniczak &#8211; mini siatk\u00f3wka, m\u0142odziczka nr tel. 693-764-048 Trener Tomasz Wasela &#8211; mini siatk\u00f3wka nr tel. 665-735-752 Trener Katarzyna Nawrocka <a href=\"http:\/\/www.muksjantar.kalisz.pl\/?page_id=638\" class=\"read-more\">Czytaj wi\u0119cej&#8230;<\/a><\/p>\n","protected":false},"author":1,"featured_media":0,"parent":0,"menu_order":0,"comment_status":"closed","ping_status":"closed","template":"","meta":{"footnotes":""},"class_list":["post-638","page","type-page","status-publish","hentry"],"_links":{"self":[{"href":"http:\/\/www.muksjantar.kalisz.pl\/index.php?rest_route=\/wp\/v2\/pages\/638","targetHints":{"allow":["GET"]}}],"collection":[{"href":"http:\/\/www.muksjantar.kalisz.pl\/index.php?rest_route=\/wp\/v2\/pages"}],"about":[{"href":"http:\/\/www.muksjantar.kalisz.pl\/index.php?rest_route=\/wp\/v2\/types\/page"}],"author":[{"embeddable":true,"href":"http:\/\/www.muksjantar.kalisz.pl\/index.php?rest_route=\/wp\/v2\/users\/1"}],"replies":[{"embeddable":true,"href":"http:\/\/www.muksjantar.kalisz.pl\/index.php?rest_route=%2Fwp%2Fv2%2Fcomments&post=638"}],"version-history":[{"count":4,"href":"http:\/\/www.muksjantar.kalisz.pl\/index.php?rest_route=\/wp\/v2\/pages\/638\/revisions"}],"predecessor-version":[{"id":1353,"href":"http:\/\/www.muksjantar.kalisz.pl\/index.php?rest_route=\/wp\/v2\/pages\/638\/revisions\/1353"}],"wp:attachment":[{"href":"http:\/\/www.muksjantar.kalisz.pl\/index.php?rest_route=%2Fwp%2Fv2%2Fmedia&parent=638"}],"curies":[{"name":"wp","href":"https:\/\/api.w.org\/{rel}","templated":true}]}}