{"id":55,"date":"2016-11-29T00:18:10","date_gmt":"2016-11-29T00:18:10","guid":{"rendered":"http:\/\/sh207552.website.pl\/kasv2\/?page_id=55"},"modified":"2025-08-19T18:34:24","modified_gmt":"2025-08-19T18:34:24","slug":"oplaty","status":"publish","type":"page","link":"http:\/\/www.muksjantar.kalisz.pl\/?page_id=55","title":{"rendered":"Op\u0142aty"},"content":{"rendered":"<div class=\"kas-postcontent\">\n<div class=\"kas-article\">\n<p><strong>MINISIATK\u00d3WKA<\/strong><\/p>\n<p>2 x 1,5 godz. tygodniowo\/ na miesi\u0105c 150 z\u0142 (poniedzia\u0142ek, \u015broda)<\/p>\n<p><strong>M\u0141ODZICZKA<\/strong><\/p>\n<p>3 x 2 godz. tygodniowo\u00a0 150 z\u0142\/ na miesi\u0105c (wtorek, czwartek, pi\u0105tek)<\/p>\n<p><em><strong>Op\u0142aty regulowane s\u0105 z g\u00f3ry do 10-go dnia ka\u017cdego miesi\u0105ca- za dany miesi\u0105c.<\/strong><\/em><\/p>\n<p>Op\u0142aty prosz\u0119 kierowa\u0107 na konto:<\/p>\n<p><strong>SANTANDER BANK POLSKA S.A.<\/strong><\/p>\n<p><strong>90 1090 1128 0000 0001 3277 8037<\/strong><\/p>\n<p><strong>MUKS JANTAR KALISZ<\/strong><\/p>\n<p>UL.KO\u0141OBRZESKA 34<\/p>\n<p>62-800 KALISZ<\/p>\n<p>W tytule przelewu nale\u017cy wpisa\u0107 : imi\u0119 nazwisko dziecka oraz za jaki miesi\u0105c jest op\u0142ata.<\/p>\n<\/div>\n<\/div>\n","protected":false},"excerpt":{"rendered":"<p>MINISIATK\u00d3WKA 2 x 1,5 godz. tygodniowo\/ na miesi\u0105c 150 z\u0142 (poniedzia\u0142ek, \u015broda) M\u0141ODZICZKA 3 x 2 godz. tygodniowo\u00a0 150 z\u0142\/ na miesi\u0105c (wtorek, czwartek, pi\u0105tek) Op\u0142aty regulowane s\u0105 z g\u00f3ry do 10-go dnia ka\u017cdego miesi\u0105ca- za dany miesi\u0105c. Op\u0142aty prosz\u0119 <a href=\"http:\/\/www.muksjantar.kalisz.pl\/?page_id=55\" class=\"read-more\">Czytaj wi\u0119cej&#8230;<\/a><\/p>\n","protected":false},"author":1,"featured_media":0,"parent":0,"menu_order":0,"comment_status":"closed","ping_status":"closed","template":"","meta":{"footnotes":""},"class_list":["post-55","page","type-page","status-publish","hentry"],"_links":{"self":[{"href":"http:\/\/www.muksjantar.kalisz.pl\/index.php?rest_route=\/wp\/v2\/pages\/55","targetHints":{"allow":["GET"]}}],"collection":[{"href":"http:\/\/www.muksjantar.kalisz.pl\/index.php?rest_route=\/wp\/v2\/pages"}],"about":[{"href":"http:\/\/www.muksjantar.kalisz.pl\/index.php?rest_route=\/wp\/v2\/types\/page"}],"author":[{"embeddable":true,"href":"http:\/\/www.muksjantar.kalisz.pl\/index.php?rest_route=\/wp\/v2\/users\/1"}],"replies":[{"embeddable":true,"href":"http:\/\/www.muksjantar.kalisz.pl\/index.php?rest_route=%2Fwp%2Fv2%2Fcomments&post=55"}],"version-history":[{"count":6,"href":"http:\/\/www.muksjantar.kalisz.pl\/index.php?rest_route=\/wp\/v2\/pages\/55\/revisions"}],"predecessor-version":[{"id":1355,"href":"http:\/\/www.muksjantar.kalisz.pl\/index.php?rest_route=\/wp\/v2\/pages\/55\/revisions\/1355"}],"wp:attachment":[{"href":"http:\/\/www.muksjantar.kalisz.pl\/index.php?rest_route=%2Fwp%2Fv2%2Fmedia&parent=55"}],"curies":[{"name":"wp","href":"https:\/\/api.w.org\/{rel}","templated":true}]}}