{"id":53,"date":"2016-11-29T00:17:54","date_gmt":"2016-11-29T00:17:54","guid":{"rendered":"http:\/\/sh207552.website.pl\/kasv2\/?page_id=53"},"modified":"2016-11-29T00:17:54","modified_gmt":"2016-11-29T00:17:54","slug":"regulamin","status":"publish","type":"page","link":"http:\/\/www.muksjantar.kalisz.pl\/?page_id=53","title":{"rendered":"Regulamin"},"content":{"rendered":"<div class=\"kas-post-inner\">\n<div class=\"kas-postcontent\">\n<div class=\"kas-article\">\n<p>1. Kaliska Akademia Siatk\u00f3wki nie jest klubem sportowym.<br \/>\n2. Udzia\u0142 w zaj\u0119ciach jest dobrowolny.<br \/>\n3. Udzia\u0142 w zaj\u0119ciach wymaga wype\u0142nienia i podpisania przez rodzic\u00f3w lub pe\u0142noletniego uczestnika formularza zg\u0142oszeniowego.<br \/>\n4. Zaj\u0119cia Kaliskiej Akademii Siatk\u00f3wki odbywaj\u0105 si\u0119 w hali Zespo\u0142u Szk\u00f3\u0142 Samochodowych w Kaliszu ul. 3go Maja 18<br \/>\n5. Zaj\u0119cia w Akademii prowadzone s\u0105 przez trener\u00f3w\/instruktor pi\u0142ki siatkowej, posiadaj\u0105cy wykszta\u0142cenie wy\u017csze pedagogiczne.<br \/>\n6. Na zaj\u0119cia nale\u017cy przyby\u0107 10 &#8211; 15 minut wcze\u015bniej, przebra\u0107 si\u0119 i przygotowa\u0107 do zaj\u0119\u0107, nast\u0119pnie punktualnie zg\u0142osi\u0107 si\u0119 do trenera.<br \/>\n7. Je\u017celi wyst\u0119puj\u0105 jakiekolwiek niepokoj\u0105ce symptomy z\u0142ego samopoczucia lub choroby natychmiast zg\u0142osi\u0107 trenerowi.<br \/>\n8. Na rodzicach spoczywa obowi\u0105zek dodatkowego ubezpieczenia dziecka od nast\u0119pstw nieszcz\u0119\u015bliwego wypadku w trakcie zaj\u0119\u0107. W przypadku niedope\u0142nienia obowi\u0105zku ubezpieczenia rodzic o\u015bwiadcza, i\u017c pe\u0142n\u0105 odpowiedzialno\u015b\u0107 bierze na siebie i nie b\u0119dzie ro\u015bci\u0142 od Kaliskiej Akademii Siatk\u00f3wki i jej trener\u00f3w prawa do wyp\u0142aty odszkodowania.<br \/>\n9. Uczestnictwo w zaj\u0119ciach mo\u017cliwe jest po uiszczeniu op\u0142aty miesi\u0119cznej.<br \/>\n10. Kaliska Akademia Siatk\u00f3wki nie przewiduje mo\u017cliwo\u015bci odrabiania opuszczonych zaj\u0119\u0107.<br \/>\n11. Przed i po zaj\u0119ciach w Kaliskiej Akademii Siatk\u00f3wki odpowiedzialno\u015b\u0107 za dzieci ponosz\u0105 rodzice-opiekunowie.<br \/>\n12. Nie ponosimy odpowiedzialno\u015bci za rzeczy pozostawione w szatniach na terenie obiektu.<\/p>\n<\/div>\n<\/div>\n<\/div>\n","protected":false},"excerpt":{"rendered":"<p>1. Kaliska Akademia Siatk\u00f3wki nie jest klubem sportowym. 2. Udzia\u0142 w zaj\u0119ciach jest dobrowolny. 3. Udzia\u0142 w zaj\u0119ciach wymaga wype\u0142nienia i podpisania przez rodzic\u00f3w lub pe\u0142noletniego uczestnika formularza zg\u0142oszeniowego. 4. Zaj\u0119cia Kaliskiej Akademii Siatk\u00f3wki odbywaj\u0105 si\u0119 w hali Zespo\u0142u Szk\u00f3\u0142 <a href=\"http:\/\/www.muksjantar.kalisz.pl\/?page_id=53\" class=\"read-more\">Czytaj wi\u0119cej&#8230;<\/a><\/p>\n","protected":false},"author":1,"featured_media":0,"parent":0,"menu_order":0,"comment_status":"closed","ping_status":"closed","template":"","meta":{"footnotes":""},"class_list":["post-53","page","type-page","status-publish","hentry"],"_links":{"self":[{"href":"http:\/\/www.muksjantar.kalisz.pl\/index.php?rest_route=\/wp\/v2\/pages\/53","targetHints":{"allow":["GET"]}}],"collection":[{"href":"http:\/\/www.muksjantar.kalisz.pl\/index.php?rest_route=\/wp\/v2\/pages"}],"about":[{"href":"http:\/\/www.muksjantar.kalisz.pl\/index.php?rest_route=\/wp\/v2\/types\/page"}],"author":[{"embeddable":true,"href":"http:\/\/www.muksjantar.kalisz.pl\/index.php?rest_route=\/wp\/v2\/users\/1"}],"replies":[{"embeddable":true,"href":"http:\/\/www.muksjantar.kalisz.pl\/index.php?rest_route=%2Fwp%2Fv2%2Fcomments&post=53"}],"version-history":[{"count":1,"href":"http:\/\/www.muksjantar.kalisz.pl\/index.php?rest_route=\/wp\/v2\/pages\/53\/revisions"}],"predecessor-version":[{"id":54,"href":"http:\/\/www.muksjantar.kalisz.pl\/index.php?rest_route=\/wp\/v2\/pages\/53\/revisions\/54"}],"wp:attachment":[{"href":"http:\/\/www.muksjantar.kalisz.pl\/index.php?rest_route=%2Fwp%2Fv2%2Fmedia&parent=53"}],"curies":[{"name":"wp","href":"https:\/\/api.w.org\/{rel}","templated":true}]}}