{"id":23,"date":"2016-11-28T01:25:52","date_gmt":"2016-11-28T01:25:52","guid":{"rendered":"http:\/\/sh207552.website.pl\/kasv2\/?page_id=23"},"modified":"2020-04-21T21:42:57","modified_gmt":"2020-04-21T21:42:57","slug":"kontakt","status":"publish","type":"page","link":"http:\/\/www.muksjantar.kalisz.pl\/?page_id=23","title":{"rendered":"Kontakt"},"content":{"rendered":"<p>Andrzej P\u0142\u00f3cienniczak &#8211; Prezes Zarz\u0105du<br \/>\ntel. 605-850-241<br \/>\ne-mail: <a href=\"mailto:aplocienniczak@onet.pl\">aplocienniczak@onet.pl<\/a><\/p>\n","protected":false},"excerpt":{"rendered":"<p>Andrzej P\u0142\u00f3cienniczak &#8211; Prezes Zarz\u0105du tel. 605-850-241 e-mail: aplocienniczak@onet.pl<\/p>\n","protected":false},"author":1,"featured_media":0,"parent":0,"menu_order":0,"comment_status":"closed","ping_status":"closed","template":"","meta":{"footnotes":""},"class_list":["post-23","page","type-page","status-publish","hentry"],"_links":{"self":[{"href":"http:\/\/www.muksjantar.kalisz.pl\/index.php?rest_route=\/wp\/v2\/pages\/23","targetHints":{"allow":["GET"]}}],"collection":[{"href":"http:\/\/www.muksjantar.kalisz.pl\/index.php?rest_route=\/wp\/v2\/pages"}],"about":[{"href":"http:\/\/www.muksjantar.kalisz.pl\/index.php?rest_route=\/wp\/v2\/types\/page"}],"author":[{"embeddable":true,"href":"http:\/\/www.muksjantar.kalisz.pl\/index.php?rest_route=\/wp\/v2\/users\/1"}],"replies":[{"embeddable":true,"href":"http:\/\/www.muksjantar.kalisz.pl\/index.php?rest_route=%2Fwp%2Fv2%2Fcomments&post=23"}],"version-history":[{"count":6,"href":"http:\/\/www.muksjantar.kalisz.pl\/index.php?rest_route=\/wp\/v2\/pages\/23\/revisions"}],"predecessor-version":[{"id":650,"href":"http:\/\/www.muksjantar.kalisz.pl\/index.php?rest_route=\/wp\/v2\/pages\/23\/revisions\/650"}],"wp:attachment":[{"href":"http:\/\/www.muksjantar.kalisz.pl\/index.php?rest_route=%2Fwp%2Fv2%2Fmedia&parent=23"}],"curies":[{"name":"wp","href":"https:\/\/api.w.org\/{rel}","templated":true}]}}