{"id":19,"date":"2016-11-28T01:24:52","date_gmt":"2016-11-28T01:24:52","guid":{"rendered":"http:\/\/sh207552.website.pl\/kasv2\/?page_id=19"},"modified":"2016-11-28T01:24:52","modified_gmt":"2016-11-28T01:24:52","slug":"o-nas","status":"publish","type":"page","link":"http:\/\/www.muksjantar.kalisz.pl\/?page_id=19","title":{"rendered":"O nas"},"content":{"rendered":"<div class=\"kas-postcontent\">\n<div class=\"kas-article\">\n<h3>CEL AKADEMII<\/h3>\n<p>Kaliska Akademia Siatk\u00f3wki jest nowo powsta\u0142\u0105 szk\u00f3\u0142k\u0105 maj\u0105c\u0105 na celu nauk\u0119 podstaw techniki i gry w pi\u0142k\u0119 siatkow\u0105 i zosta\u0142a za\u0142o\u017cona z my\u015bl\u0105 o wszystkich dzieciach, i m\u0142odzie\u017cy .Nasza oferta skierowana jest do dzieci, kt\u00f3re chc\u0105 aktywnie sp\u0119dza\u0107 sw\u00f3j wolny czas oraz nauczy\u0107 si\u0119 si\u0119 rywalizacji i wzajemnej pomocy w d\u0105\u017ceniu do obranych cel\u00f3w. Wa\u017cne jest r\u00f3wnie\u017c, by nasi podopieczni nauczyli si\u0119 z dum\u0105 znosi\u0107 wygran\u0105 i pora\u017ck\u0119, wyci\u0105ga\u0107 wnioski i budowa\u0107 charakter, kt\u00f3ry zaowocuje w szkole, domu i codziennym \u017cyciu. Nie bez znaczenia jest fakt, i\u017c nauka poprzez zabaw\u0119 i rywalizacja z innymi r\u00f3wie\u015bnikami mobilizuje i sprzyja budowaniu przyjaznej atmosfery oraz wspomaga proces uczenia si\u0119. Ciekawe i fachowo prowadzone treningi to gwarancja udanego pocz\u0105tku siatkarskiej przygody!! W m\u0142odszych grupach nauka odbywa si\u0119 poprzez zabaw\u0119 (co daje najlepsze rezultaty szkoleniowe). W grupie starszej program szkoleniowy podzielony zosta\u0142 na etapy, nauka odbywa si\u0119 poprzez stopniowe przechodzenie przez szereg szkoleniowy r\u00f3\u017cni\u0105cy si\u0119 stopniem zaawansowania. Bior\u0105c za przyk\u0142ad inne kraje europejskie, gdzie szkolenie dzieci w wieku wczesnoszkolnym jest priorytetem w odnoszeniu bardzo dobrych rezultat\u00f3w sportowych w p\u00f3\u017aniejszym etapie rozwoju sportowca. . Dla nas wspania\u0142ym rezultatem b\u0119dzie widok swoich wychowank\u00f3w, kt\u00f3rzy b\u0119d\u0105 reprezentowa\u0107 w przysz\u0142o\u015bci nasz kraj. Wsp\u00f3lnie mamy zamiar do\u0142o\u017cy\u0107 ma\u0142\u0105 cegie\u0142k\u0119 do rozwoju pi\u0142ki siatkowej w Polsce. W przysz\u0142o\u015bci planujemy wsp\u00f3\u0142prac\u0119 z innym szk\u00f3\u0142kami siatkarskimi, udzia\u0142 w presti\u017cowym turnieju Kinder + sport, kt\u00f3rego ambasadorem jest znakomity siatkarz Sebastian \u015awiderski, oraz organizacj\u0119 turniej\u00f3w mini siatk\u00f3wki, a tak\u017ce organizacj\u0119 oboz\u00f3w sportowych.<\/p>\n<p>&nbsp;<\/p>\n<h3>TRE\u015aCI PROGRAMOWE REALIZOWANE W TRAKCIE ZAJ\u0118\u0106<\/h3>\n<p>1. Nauczanie gier i zabaw przygotowuj\u0105cych do gry w mini pi\u0142\u0119 siatkow\u0105.<br \/>\n2. Nauczanie techniki poruszania si\u0119 po boisku, przyjmowania postawy wysokiej i niskiej.<br \/>\n3. Nauczanie i doskonalenie przyj\u0119\u0107 i poda\u0144 pi\u0142ki sposobem g\u00f3rnym i dolnym w postawie wysokiej, niskiej i o zachwianej r\u00f3wnowadze.<br \/>\n4. Nauczanie atakowania:<br \/>\n\u2013 zbicie piki,<br \/>\n\u2013 plasowanie,<br \/>\n\u2013 kiwni\u0119cie,<br \/>\n\u2013 opuszczenie pi\u0142ki na r\u0119ce przeciwnika.<br \/>\n5. Nauczanie zastawienia.<br \/>\n6. Nauczanie zagrywki dolnej i tenisowej.<\/p>\n<h3>PRZEWIDYWANE OSI\u0104GNI\u0118CIA UCZNI\u00d3W<\/h3>\n<p>1. Poznanie element\u00f3w techniki i taktyki gry w mini pi\u0142k\u0119 siatkow\u0105.<br \/>\n2. Wykszta\u0142cenie postaw wsp\u00f3\u0142dzia\u0142ania i odpowiedzialno\u015bci w grach zespo\u0142owych, poczucia sprawiedliwo\u015bci i poszanowania innych.<br \/>\n3. Rozwini\u0119cie sprawno\u015bci fizycznej i wolicjonalnych cech charakteru istotnych podczas rywalizacji sportowej.<br \/>\n4. Poznanie \u0107wicze\u0144 doskonal\u0105cych umiej\u0119tno\u015bci ruchowe i ich warto\u015bci w rozwijaniu sprawno\u015bci ruchowej.<br \/>\n5. Rozbudzenie i pog\u0142\u0119bienie zainteresowa\u0144 sportowych oraz potrzeby czynnego sp\u0119dzania czasu wolnego.<br \/>\n6. Wypracowanie zachowa\u0144 prozdrowotnych, w tym nawyk\u00f3w higienicznych zwi\u0105zanych z aktywno\u015bci\u0105 ruchow\u0105.<\/p>\n<h3>ABC RODZICA<\/h3>\n<p>Prosimy aby dziecko zjad\u0142o posi\u0142ek najp\u00f3\u017aniej 60 min przed zaj\u0119ciami, aby dziecko nie uczestniczy\u0142o w treningu z pe\u0142nym \u017co\u0142\u0105dkiem co mo\u017ce skutkowa\u0107 z\u0142ym samopoczuciem i wymiotami. Str\u00f3j dziecka: spodenki, koszulka, bluza dresowa i wed\u0142ug uznania spodnie dresowe, skarpetki, obuwie sportowe. Dziewczynki musz\u0105 mie\u0107 zwi\u0105zane w\u0142osy i \u015bci\u0105gni\u0119t\u0105 bi\u017cuteri\u0119 (d\u0142ugie kolczyki, \u0142a\u0144cuszki etc.). Ka\u017cde dziecko przynosi swoj\u0105 wod\u0119 do picia. Prosimy o zwr\u00f3cenie uwagi na to, aby napoje nie by\u0142y gazowane.<\/p>\n<h3>TEMATY ZAJ\u0118\u0106 NA NAJBLI\u017bSZE 4 MIESI\u0104CE<\/h3>\n<p>Zaj\u0119cia nr 1.Nauka postawy siatkarskiej oraz umiej\u0119tno\u015bci poruszania si\u0119 po boisku.<br \/>\nTeoria: ilo\u015b\u0107 zawodnik\u00f3w na boisku, punktacja w meczu pi\u0142ki siatkowej.<br \/>\nZaj\u0119cia nr 2.Przygotowanie do odbi\u0107 obur\u0105cz sposobem g\u00f3rnym.<br \/>\nTeoria: wymiary boiska do siatk\u00f3wki, ilo\u015b\u0107 punkt\u00f3w w secie, co si\u0119 dzieje gdy stan meczu w secie wynosi 25:25.<br \/>\nZaj\u0119cia nr 3.Przygotowanie do odbi\u0107 sposobem dolnym.<br \/>\nTeoria: przepisy gry w siatk\u00f3wk\u0119, organizacja FiVB.<br \/>\nZaj\u0119cia nr 4.Doskonalenie odbi\u0107 sposobem dolnym i g\u00f3rnym.<br \/>\nTeoria: Historia siatk\u00f3wki w Polsce.<br \/>\nZaj\u0119cia nr 5.Kszta\u0142towanie koordynacji ruchowej poprzez elementy gimnastyki.<br \/>\nTeoria: Organizacja PZPS.<br \/>\nZaj\u0119cia nr 6.Technika indywidualna : doskonalenie odbi\u0107 sposobem g\u00f3rnym i dolnym.<br \/>\nTeoria: Strefy na boisku siatkarskim.<br \/>\nZaj\u0119cia nr 7. Kszta\u0142towanie cech motorycznych \u2013 SKOCZNO\u015a\u0106.<br \/>\nTeoria: Skok dosi\u0119\u017cny jako narz\u0119dzie mierz\u0105ce predyspozycje siatkarskie.<br \/>\nZaj\u0119cia nr 8.Doskonalenie poruszania si\u0119 po boisku, postawy siatkarskiej oraz techniki odbi\u0107 pi\u0142ki sposobem dolnym i obur\u0105cz g\u00f3rnym poprzez \u201d MA\u0141E GRY\u201d- MINISIATK\u00d3WKA.<br \/>\nTeoria: podstawowe zasady s\u0119dziowania w meczu siatkarskim.<br \/>\nZaj\u0119cia nr 9.Kszta\u0142towanie cech motorycznych \u2013 SZYBKO\u015a\u0106.<br \/>\nTeoria: Rola poszczeg\u00f3lnych zawodnik\u00f3w i ich zadania na boisku podczas meczu.<br \/>\nZaj\u0119cia nr 10.Zastosowanie wszystkich poznanych form poruszania si\u0119 po boisku w grach i zabawach ruchowych- krok odstawno \u2013 dostawny, krok skrzy\u017cny.<br \/>\nTeoria: B\u0142\u0105d ustawienia na boisku podczas meczu siatk\u00f3wki.<br \/>\nZaj\u0119cia nr 11.SPRAWDZIAN umiej\u0119tno\u015bci: technika wykonania postawy siatkarskiej niskiej i wysokiej, technika poruszania si\u0119 po boisku oraz sprawdzenie techniki odbi\u0107 sposobem g\u00f3rnym i dolnym (odbicia w kole).<\/p>\n<\/div>\n<\/div>\n","protected":false},"excerpt":{"rendered":"<p>CEL AKADEMII Kaliska Akademia Siatk\u00f3wki jest nowo powsta\u0142\u0105 szk\u00f3\u0142k\u0105 maj\u0105c\u0105 na celu nauk\u0119 podstaw techniki i gry w pi\u0142k\u0119 siatkow\u0105 i zosta\u0142a za\u0142o\u017cona z my\u015bl\u0105 o wszystkich dzieciach, i m\u0142odzie\u017cy .Nasza oferta skierowana jest do dzieci, kt\u00f3re chc\u0105 aktywnie sp\u0119dza\u0107 <a href=\"http:\/\/www.muksjantar.kalisz.pl\/?page_id=19\" class=\"read-more\">Czytaj wi\u0119cej&#8230;<\/a><\/p>\n","protected":false},"author":1,"featured_media":0,"parent":0,"menu_order":0,"comment_status":"closed","ping_status":"closed","template":"","meta":{"footnotes":""},"class_list":["post-19","page","type-page","status-publish","hentry"],"_links":{"self":[{"href":"http:\/\/www.muksjantar.kalisz.pl\/index.php?rest_route=\/wp\/v2\/pages\/19","targetHints":{"allow":["GET"]}}],"collection":[{"href":"http:\/\/www.muksjantar.kalisz.pl\/index.php?rest_route=\/wp\/v2\/pages"}],"about":[{"href":"http:\/\/www.muksjantar.kalisz.pl\/index.php?rest_route=\/wp\/v2\/types\/page"}],"author":[{"embeddable":true,"href":"http:\/\/www.muksjantar.kalisz.pl\/index.php?rest_route=\/wp\/v2\/users\/1"}],"replies":[{"embeddable":true,"href":"http:\/\/www.muksjantar.kalisz.pl\/index.php?rest_route=%2Fwp%2Fv2%2Fcomments&post=19"}],"version-history":[{"count":1,"href":"http:\/\/www.muksjantar.kalisz.pl\/index.php?rest_route=\/wp\/v2\/pages\/19\/revisions"}],"predecessor-version":[{"id":20,"href":"http:\/\/www.muksjantar.kalisz.pl\/index.php?rest_route=\/wp\/v2\/pages\/19\/revisions\/20"}],"wp:attachment":[{"href":"http:\/\/www.muksjantar.kalisz.pl\/index.php?rest_route=%2Fwp%2Fv2%2Fmedia&parent=19"}],"curies":[{"name":"wp","href":"https:\/\/api.w.org\/{rel}","templated":true}]}}