{"id":17,"date":"2016-11-28T01:20:20","date_gmt":"2016-11-28T01:20:20","guid":{"rendered":"http:\/\/sh207552.website.pl\/kasv2\/?page_id=17"},"modified":"2026-03-22T09:11:02","modified_gmt":"2026-03-22T09:11:02","slug":"home","status":"publish","type":"page","link":"http:\/\/www.muksjantar.kalisz.pl\/","title":{"rendered":"&#8222;Najwa\u017cniejsze chwile w historii MUKS Jantar Kalisz \u2013 od pasji do sukces\u00f3w&#8221;"},"content":{"rendered":"\n<p>\ud83c\udfd0 <strong>DO\u0141\u0104CZ DO NASZEJ DRU\u017bYNY! NAB\u00d3R DO SEKCJI SIATK\u00d3WKI 2015\u20132017<\/strong> \ud83c\udfd0<\/p>\n\n\n\n<figure class=\"wp-block-image size-large\"><a href=\"http:\/\/www.muksjantar.kalisz.pl\/wp-content\/uploads\/2026\/03\/Nabor-plakat-1.png\"><img loading=\"lazy\" decoding=\"async\" width=\"724\" height=\"1024\" src=\"http:\/\/www.muksjantar.kalisz.pl\/wp-content\/uploads\/2026\/03\/Nabor-plakat-1-724x1024.png\" alt=\"\" class=\"wp-image-1665\" srcset=\"http:\/\/www.muksjantar.kalisz.pl\/wp-content\/uploads\/2026\/03\/Nabor-plakat-1-724x1024.png 724w, http:\/\/www.muksjantar.kalisz.pl\/wp-content\/uploads\/2026\/03\/Nabor-plakat-1-212x300.png 212w, http:\/\/www.muksjantar.kalisz.pl\/wp-content\/uploads\/2026\/03\/Nabor-plakat-1-768x1086.png 768w, http:\/\/www.muksjantar.kalisz.pl\/wp-content\/uploads\/2026\/03\/Nabor-plakat-1-1086x1536.png 1086w, http:\/\/www.muksjantar.kalisz.pl\/wp-content\/uploads\/2026\/03\/Nabor-plakat-1-1448x2048.png 1448w, http:\/\/www.muksjantar.kalisz.pl\/wp-content\/uploads\/2026\/03\/Nabor-plakat-1-191x270.png 191w, http:\/\/www.muksjantar.kalisz.pl\/wp-content\/uploads\/2026\/03\/Nabor-plakat-1.png 1587w\" sizes=\"auto, (max-width: 724px) 100vw, 724px\" \/><\/a><\/figure>\n\n\n\n<h2 class=\"wp-block-heading\">Obozy sportowe<\/h2>\n\n\n\n<p>Ma\u0142e Ciche 21-28.02.2026<\/p>\n\n\n\n<figure class=\"wp-block-image size-large\"><a href=\"http:\/\/www.muksjantar.kalisz.pl\/wp-content\/uploads\/2026\/02\/oboz-1.jpg\"><img loading=\"lazy\" decoding=\"async\" width=\"1024\" height=\"768\" src=\"http:\/\/www.muksjantar.kalisz.pl\/wp-content\/uploads\/2026\/02\/oboz-1-1024x768.jpg\" alt=\"\" class=\"wp-image-1635\" srcset=\"http:\/\/www.muksjantar.kalisz.pl\/wp-content\/uploads\/2026\/02\/oboz-1-1024x768.jpg 1024w, http:\/\/www.muksjantar.kalisz.pl\/wp-content\/uploads\/2026\/02\/oboz-1-300x225.jpg 300w, http:\/\/www.muksjantar.kalisz.pl\/wp-content\/uploads\/2026\/02\/oboz-1-768x576.jpg 768w, http:\/\/www.muksjantar.kalisz.pl\/wp-content\/uploads\/2026\/02\/oboz-1-360x270.jpg 360w, http:\/\/www.muksjantar.kalisz.pl\/wp-content\/uploads\/2026\/02\/oboz-1.jpg 1320w\" sizes=\"auto, (max-width: 1024px) 100vw, 1024px\" \/><\/a><\/figure>\n\n\n\n<figure class=\"wp-block-image size-large\"><a href=\"http:\/\/www.muksjantar.kalisz.pl\/wp-content\/uploads\/2026\/02\/narty.jpg\"><img loading=\"lazy\" decoding=\"async\" width=\"1024\" height=\"768\" src=\"http:\/\/www.muksjantar.kalisz.pl\/wp-content\/uploads\/2026\/02\/narty-1024x768.jpg\" alt=\"\" class=\"wp-image-1637\" srcset=\"http:\/\/www.muksjantar.kalisz.pl\/wp-content\/uploads\/2026\/02\/narty-1024x768.jpg 1024w, http:\/\/www.muksjantar.kalisz.pl\/wp-content\/uploads\/2026\/02\/narty-300x225.jpg 300w, http:\/\/www.muksjantar.kalisz.pl\/wp-content\/uploads\/2026\/02\/narty-768x576.jpg 768w, http:\/\/www.muksjantar.kalisz.pl\/wp-content\/uploads\/2026\/02\/narty-360x270.jpg 360w, http:\/\/www.muksjantar.kalisz.pl\/wp-content\/uploads\/2026\/02\/narty.jpg 1320w\" sizes=\"auto, (max-width: 1024px) 100vw, 1024px\" \/><\/a><\/figure>\n\n\n\n<p>Ch\u0142apowo 15-25.08.2025<\/p>\n\n\n\n<figure class=\"wp-block-image size-large\"><a href=\"http:\/\/www.muksjantar.kalisz.pl\/wp-content\/uploads\/2025\/08\/zdjecie-oboz-grupa-1-scaled.jpg\"><img loading=\"lazy\" decoding=\"async\" width=\"1024\" height=\"768\" src=\"http:\/\/www.muksjantar.kalisz.pl\/wp-content\/uploads\/2025\/08\/zdjecie-oboz-grupa-1-1024x768.jpg\" alt=\"\" class=\"wp-image-1377\" srcset=\"http:\/\/www.muksjantar.kalisz.pl\/wp-content\/uploads\/2025\/08\/zdjecie-oboz-grupa-1-1024x768.jpg 1024w, http:\/\/www.muksjantar.kalisz.pl\/wp-content\/uploads\/2025\/08\/zdjecie-oboz-grupa-1-300x225.jpg 300w, http:\/\/www.muksjantar.kalisz.pl\/wp-content\/uploads\/2025\/08\/zdjecie-oboz-grupa-1-768x576.jpg 768w, http:\/\/www.muksjantar.kalisz.pl\/wp-content\/uploads\/2025\/08\/zdjecie-oboz-grupa-1-1536x1152.jpg 1536w, http:\/\/www.muksjantar.kalisz.pl\/wp-content\/uploads\/2025\/08\/zdjecie-oboz-grupa-1-2048x1536.jpg 2048w, http:\/\/www.muksjantar.kalisz.pl\/wp-content\/uploads\/2025\/08\/zdjecie-oboz-grupa-1-360x270.jpg 360w\" sizes=\"auto, (max-width: 1024px) 100vw, 1024px\" \/><\/a><\/figure>\n","protected":false},"excerpt":{"rendered":"<p>\ud83c\udfd0 DO\u0141\u0104CZ DO NASZEJ DRU\u017bYNY! NAB\u00d3R DO SEKCJI SIATK\u00d3WKI 2015\u20132017 \ud83c\udfd0 Obozy sportowe Ma\u0142e Ciche 21-28.02.2026 Ch\u0142apowo 15-25.08.2025<\/p>\n","protected":false},"author":1,"featured_media":0,"parent":0,"menu_order":0,"comment_status":"closed","ping_status":"closed","template":"","meta":{"footnotes":""},"class_list":["post-17","page","type-page","status-publish","hentry"],"_links":{"self":[{"href":"http:\/\/www.muksjantar.kalisz.pl\/index.php?rest_route=\/wp\/v2\/pages\/17","targetHints":{"allow":["GET"]}}],"collection":[{"href":"http:\/\/www.muksjantar.kalisz.pl\/index.php?rest_route=\/wp\/v2\/pages"}],"about":[{"href":"http:\/\/www.muksjantar.kalisz.pl\/index.php?rest_route=\/wp\/v2\/types\/page"}],"author":[{"embeddable":true,"href":"http:\/\/www.muksjantar.kalisz.pl\/index.php?rest_route=\/wp\/v2\/users\/1"}],"replies":[{"embeddable":true,"href":"http:\/\/www.muksjantar.kalisz.pl\/index.php?rest_route=%2Fwp%2Fv2%2Fcomments&post=17"}],"version-history":[{"count":8,"href":"http:\/\/www.muksjantar.kalisz.pl\/index.php?rest_route=\/wp\/v2\/pages\/17\/revisions"}],"predecessor-version":[{"id":1666,"href":"http:\/\/www.muksjantar.kalisz.pl\/index.php?rest_route=\/wp\/v2\/pages\/17\/revisions\/1666"}],"wp:attachment":[{"href":"http:\/\/www.muksjantar.kalisz.pl\/index.php?rest_route=%2Fwp%2Fv2%2Fmedia&parent=17"}],"curies":[{"name":"wp","href":"https:\/\/api.w.org\/{rel}","templated":true}]}}